{"id":25597,"date":"2026-04-03T23:11:36","date_gmt":"2026-04-04T00:11:36","guid":{"rendered":"https:\/\/belerrance.org\/accueil\/?page_id=25597"},"modified":"2026-04-04T00:13:02","modified_gmt":"2026-04-04T01:13:02","slug":"programme_samedi","status":"publish","type":"page","link":"https:\/\/belerrance.org\/accueil\/programme_samedi\/","title":{"rendered":"Programme Samedi"},"content":{"rendered":"<p>[et_pb_section fb_built=\u00a0\u00bb1&Prime; _builder_version=\u00a0\u00bb4.27.6&Prime; _module_preset=\u00a0\u00bbdefault\u00a0\u00bb hover_enabled=\u00a0\u00bb0&Prime; global_colors_info=\u00a0\u00bb{}\u00a0\u00bb sticky_enabled=\u00a0\u00bb0&Prime; custom_margin=\u00a0\u00bb||-36px||false|false\u00a0\u00bb][et_pb_row column_structure=\u00a0\u00bb1_2,1_2&Prime; _builder_version=\u00a0\u00bb4.27.6&Prime; _module_preset=\u00a0\u00bbdefault\u00a0\u00bb hover_enabled=\u00a0\u00bb0&Prime; global_colors_info=\u00a0\u00bb{}\u00a0\u00bb custom_margin=\u00a0\u00bb||-236px||false|false\u00a0\u00bb sticky_enabled=\u00a0\u00bb0&Prime;][et_pb_column type=\u00a0\u00bb1_2&Prime; _builder_version=\u00a0\u00bb4.27.6&Prime; _module_preset=\u00a0\u00bbdefault\u00a0\u00bb global_colors_info=\u00a0\u00bb{}\u00a0\u00bb][et_pb_text _builder_version=\u00a0\u00bb4.27.6&Prime; _module_preset=\u00a0\u00bbdefault\u00a0\u00bb hover_enabled=\u00a0\u00bb0&Prime; global_colors_info=\u00a0\u00bb{}\u00a0\u00bb text_font_size=\u00a0\u00bb26px\u00a0\u00bb sticky_enabled=\u00a0\u00bb0&Prime; custom_margin=\u00a0\u00bb-28px||||false|false\u00a0\u00bb]<\/p>\n<p lang=\"it-CH\" class=\"western\" align=\"center\" style=\"margin-top: 0.4cm; margin-bottom: 0cm; line-height: 100%; page-break-before: always;\"><strong><span style=\"font-family: Arial, sans-serif;\"><span style=\"font-size: x-large;\">SAMEDI 9 MAI<\/span><\/span><\/strong><\/p>\n<p class=\"western\" style=\"margin-top: 0.4cm; margin-bottom: 0cm; line-height: 100%;\"><span style=\"font-family: Arial, sans-serif;\"><span style=\"font-size: x-large;\"><span style=\"color: #000000;\"><span lang=\"fr-FR\"><i>Tout au long de l\u2019apr\u00e8s-midi, l\u2019association \u00ab Amis pour Ternier \u00bb proposera boissons et de quoi se r\u00e9galer <\/i><\/span><\/span><\/span><\/span><\/p>\n<p lang=\"fr-FR\" class=\"western\" style=\"margin-top: 0.4cm; margin-bottom: 0cm; line-height: 100%;\"><strong><span style=\"font-family: Arial, sans-serif;\"><span style=\"font-size: x-large;\">14h00 Lancement des festivit\u00e9s &#8211; Discours de Bienvenue<\/span><\/span><\/strong><\/p>\n<p class=\"western\" style=\"margin-top: 0.4cm; margin-bottom: 0cm; line-height: 100%;\"><span style=\"font-family: Arial, sans-serif;\"><span style=\"font-size: x-large;\"><strong><span lang=\"fr-FR\">14h30 Balade cont\u00e9e \u00ab\u00a0Promenons-nous dans les bois\u00a0\u00bb<\/span><\/strong><\/span><\/span><\/p>\n<p><!-- En attente photo spectacle &gt; Chlo\u00e9 --><span style=\"font-family: Arial, sans-serif;\"><span style=\"font-size: x-large;\"><span lang=\"fr-FR\"><i>Aim\u00e9e de la Salle, Chlo\u00e9 Gabrielli et A\u00efni Iften (AMAC \/ Paroles en Festival),<\/i><\/span><span lang=\"fr-FR\"><i>accompagn\u00e9es de Marie Babel<\/i><\/span><\/span><\/span><\/p>\n<p><span style=\"font-family: Arial, sans-serif;\"><span style=\"font-size: x-large;\">De comptines en chansons, de contes en histoires, Aim\u00e9e, A\u00efni et Chlo\u00e9 vous entra\u00eenent sur les chemins de la for\u00eat et chemins imaginaires.<\/span><\/span><\/p>\n<p lang=\"fr-FR\" class=\"western\" style=\"margin-top: 0.1cm; margin-bottom: 0cm; line-height: 100%;\"><span style=\"font-family: Arial, sans-serif;\"><span style=\"font-size: x-large;\"><i>Tout public- 1h30\u00a0 \u00a0Rendez-vous <strong>15 min avant le d\u00e9part<\/strong>\u00a0 Pr\u00e9voir tenue adapt\u00e9e<br \/><\/i><\/span><\/span><span style=\"font-family: Arial, sans-serif;\"><span style=\"font-size: x-large;\"><span lang=\"fr-FR\">10\u20ac \/ 5\u20ac (enfant)<\/span><span lang=\"fr-FR\"><i> \u2013 R\u00e9servation conseill\u00e9e sur HelloAsso<\/i><\/span><\/span><\/span><\/p>\n<p lang=\"fr-FR\" style=\"margin-top: 0.4cm; margin-bottom: 0cm; line-height: 120%;\"><span style=\"font-family: Arial, sans-serif;\"><span style=\"font-size: x-large;\"><strong>D\u00e8s 15h30 Cr\u00e9ation collaborative <span lang=\"fr-FR\">\u00ab\u00a0<\/span>Land Art<span lang=\"fr-FR\">\u00ab\u00a0<br \/><\/span><\/strong><\/span><\/span><span style=\"font-family: Arial, sans-serif;\"><span style=\"font-size: x-large;\"><i>Anim\u00e9 par Elise Matras, L\u2019Attrape-R\u00eave<\/i><\/span><\/span><\/p>\n<p><span style=\"font-family: Arial, sans-serif;\"><span style=\"font-size: x-large;\"><span lang=\"fr-FR\">Exprimez votre cr\u00e9ativit\u00e9 tout en d\u00e9couvrant la nature. Branches, feuilles, les cailloux, graines&#8230; tout peut te servir \u00e0 d\u00e9corer le site de la f\u00eate<\/span><\/span><\/span><span style=\"color: #333f51;\"><span style=\"font-family: Arial, sans-serif;\"><span style=\"font-size: x-large;\"><span style=\"background: #ffffff;\">\u00a0!<\/span><\/span><\/span><\/span><\/p>\n<p lang=\"fr-FR\" class=\"western\" style=\"margin-top: 0.1cm; margin-bottom: 0cm; line-height: 100%;\"><span style=\"font-family: Arial, sans-serif;\"><span style=\"font-size: x-large;\"><i>Tout public Pr\u00e9voir tenue adapt\u00e9e<\/i><\/span><\/span><\/p>\n<p class=\"western\" style=\"margin-top: 0.4cm; margin-bottom: 0cm; line-height: 100%;\"><span style=\"font-family: Arial, sans-serif;\"><span style=\"font-size: x-large;\"><strong><span lang=\"fr-FR\">16h00 \u00ab\u00a0Enfantines\u00a0\u00bb<br \/><\/span><\/strong><!-- En attente photo spectacle &gt; Chlo\u00e9 --><\/span><\/span><span style=\"font-family: Arial, sans-serif;\"><span style=\"font-size: x-large;\"><i>Chlo\u00e9 Gabrielli et Aim\u00e9e de la Salle, (AMAC \/ Paroles en festival) <\/i><\/span><\/span><\/p>\n<p lang=\"fr-FR\" class=\"western\" style=\"margin-top: 0.1cm; margin-bottom: 0cm; line-height: 100%;\"><span style=\"font-family: Arial, sans-serif;\"><span style=\"font-size: x-large;\">Comptines et histoires pour les tout petits accompagn\u00e9s de leurs parents, fr\u00e8res et s\u0153urs. De bons moments \u00e0 partager !<\/span><\/span><\/p>\n<p lang=\"fr-FR\" class=\"western\" style=\"margin-top: 0.1cm; margin-bottom: 0cm; line-height: 100%;\"><span style=\"font-family: Arial, sans-serif;\"><span style=\"font-size: x-large;\"><i>A partir de 1 an &#8211; 30 min.<br \/><\/i><\/span><\/span><span style=\"font-family: Arial, sans-serif;\"><span style=\"font-size: x-large;\"><span lang=\"fr-FR\">10\u20ac \/ 5\u20ac (enfant)<\/span><span lang=\"fr-FR\"><i> \u2013 R\u00e9servation conseill\u00e9e sur HelloAsso<\/i><\/span><\/span><\/span><\/p>\n<p class=\"western\" style=\"margin-top: 0.4cm; margin-bottom: 0cm; line-height: 100%;\"><span style=\"font-family: Arial, sans-serif;\"><span style=\"font-size: x-large;\"><span lang=\"fr-FR\"><strong>17h00 \u00ab\u00a0Prends-moi la main\u00a0\u00bb<br \/><\/strong><\/span><!-- En attente photo spectacle &gt; Chlo\u00e9 --><\/span><\/span><span style=\"font-family: Arial, sans-serif;\"><span style=\"font-size: x-large;\"><i>Aim\u00e9e de la Salle, Chlo\u00e9 Gabrielli et A\u00efni Iften (AMAC \/ Paroles en festival)<\/i><\/span><\/span><\/p>\n<p class=\"western\" style=\"margin-top: 0.1cm; margin-bottom: 0cm; line-height: 100%;\"><span style=\"font-family: Arial, sans-serif;\"><span style=\"font-size: x-large;\"><span style=\"color: #000000;\"><span lang=\"fr-FR\">Trois voix se m\u00ealent <\/span><\/span><span lang=\"fr-FR\">pour emmener les enfants et les parents, grands-parents, tontons et tatas, dans le pays des contes, des chansons, des comptines et des histoires pour un voyage extraordinaire ! Accrochez-vous ! Le voyage est tant\u00f4t doux, tranquille, tant\u00f4t \u00e9bouriffant, d\u00e9coiffant, secouant\u2026 <\/span><\/span><\/span><\/p>\n<p lang=\"fr-FR\" class=\"western\" style=\"margin-top: 0.1cm; margin-bottom: 0cm; line-height: 100%;\"><span style=\"font-family: Arial, sans-serif;\"><span style=\"font-size: x-large;\"><i>Tout public- 50 min.<br \/><\/i><\/span><\/span><span style=\"font-family: Arial, sans-serif;\"><span style=\"font-size: x-large;\"><span lang=\"fr-FR\">10\u20ac \/ 5\u20ac (enfant)<\/span><span lang=\"fr-FR\"><i> \u2013 R\u00e9servation conseill\u00e9e sur HelloAsso<\/i><\/span><\/span><\/span><\/p>\n<p lang=\"fr-FR\" class=\"western\" style=\"margin-top: 0.4cm; margin-bottom: 0cm; line-height: 100%;\"><strong><span style=\"font-family: Arial, sans-serif;\"><span style=\"font-size: x-large;\">18h00 Initiation \u00e0 l\u2019illustration botanique<br \/><\/span><\/span><\/strong><span style=\"font-family: Arial, sans-serif;\"><span style=\"font-size: x-large;\"><i>Camille Magaud, illustratrice<\/i><\/span><\/span><\/p>\n<p lang=\"fr-FR\" class=\"western\" style=\"margin-top: 0.1cm; margin-bottom: 0cm; line-height: 100%;\"><span style=\"font-family: Arial, sans-serif;\"><span style=\"font-size: x-large;\">Compter le nombre de p\u00e9tales et d\u2019un trait les poser d\u00e9licatement sur la feuille\u2026<br \/>Pour cet atelier, nul besoin de savoir dessiner. Il suffit d\u2019apprendre \u00e0 observer !<\/span><\/span><\/p>\n<p lang=\"fr-FR\" class=\"western\" style=\"margin-top: 0.1cm; margin-bottom: 0cm; line-height: 100%;\"><span style=\"font-family: Arial, sans-serif;\"><span style=\"font-size: x-large;\"><i>A partir de 6 ans \u2013 1h00 Participation libre et consciente &#8211; Limit\u00e9 \u00e0 10 personnes<br \/><\/i><\/span><\/span><span style=\"font-family: Arial, sans-serif;\"><span style=\"font-size: x-large;\"><i>R\u00e9servation conseill\u00e9e sur HelloAsso<\/i><\/span><\/span><\/p>\n<h3 class=\"western\"><span style=\"font-family: Arial, sans-serif;\"><span style=\"font-size: x-large;\"><span lang=\"fr-FR\"><b>D\u00e8s 18h00 <\/b><\/span><span lang=\"fr-FR\"><b>\u00ab\u00a0<\/b><\/span><span lang=\"fr-FR\"><b>Loups garous\u00a0\u00bb grandeur nature<br \/><\/b><em>A<\/em><\/span><\/span><\/span><span style=\"font-family: Arial, sans-serif;\"><span style=\"font-size: x-large;\"><i>nim\u00e9 par Kevin Maurel<\/i><\/span><\/span><\/h3>\n<p lang=\"fr-FR\" class=\"western\" style=\"margin-top: 0.1cm; margin-bottom: 0cm; line-height: 100%;\"><span style=\"font-family: Arial, sans-serif;\"><span style=\"font-size: x-large;\">Arriverez-vous \u00e0 trouver les loups garous dans le bois de Ternier ?<\/span><\/span><\/p>\n<p lang=\"fr-FR\" class=\"western\" style=\"margin-top: 0.1cm; margin-bottom: 0cm; line-height: 100%;\"><span style=\"font-family: Arial, sans-serif;\"><span style=\"font-size: x-large;\"><i>A partir de 8 ans \/ adolescent<\/i><\/span><\/span><\/p>\n<p lang=\"fr-FR\" class=\"western\" style=\"margin-top: 0.4cm; margin-bottom: 0cm; line-height: 100%;\"><strong><span style=\"font-family: Arial, sans-serif;\"><span style=\"font-size: x-large;\">18h00 Atelier cuisine \u00ab\u00a0La soupe au caillou\u00a0\u00bb<\/span><\/span><\/strong><\/p>\n<p lang=\"fr-FR\" class=\"western\" style=\"margin-top: 0.1cm; margin-bottom: 0cm; line-height: 100%;\"><span style=\"font-family: Arial, sans-serif;\"><span style=\"font-size: x-large;\">Pr\u00e9paration collective d\u2019une soupe pour le repas du soir.<br \/>Il se dit m\u00eame qu\u2019autour de la table, se racontent des histoires &#8230;<\/span><\/span><\/p>\n<p lang=\"fr-FR\" class=\"western\" style=\"margin-top: 0.1cm; margin-bottom: 0cm; line-height: 100%;\"><span style=\"font-family: Arial, sans-serif;\"><span style=\"font-size: x-large;\"><i>Tout public \u2013 1h00 Pensez \u00e0 apporter votre \u00e9conome<\/i><\/span><\/span><\/p>\n<p lang=\"fr-FR\" class=\"western\" style=\"margin-top: 0.4cm; margin-bottom: 0cm; line-height: 100%;\"><strong><span style=\"font-family: Arial, sans-serif;\"><span style=\"font-size: x-large;\">19h00 D\u00eener partag\u00e9 en musique<br \/><\/span><\/span><\/strong><span style=\"font-family: Arial, sans-serif;\"><span style=\"font-size: x-large;\"><i>Fabienne J.Simonnet (Terza Brigada) et Isabelle Rossat Mignod<\/i><\/span><\/span><\/p>\n<p lang=\"fr-FR\" class=\"western\" style=\"margin-top: 0.1cm; margin-bottom: 0cm; line-height: 100%;\"><span style=\"font-family: Arial, sans-serif;\"><span style=\"font-size: x-large;\">La soupe enfin pr\u00eate, venez la d\u00e9guster en vous laissant emporter par le duo (en)chant\u00e9 guitare\/ accord\u00e9on d\u2019Isabelle et Fabienne. Ambiance feutr\u00e9e ou grands classiques de la chanson fran\u00e7aise\u00a0: il y en aura pour tous les go\u00fbts\u00a0! <\/span><\/span><\/p>\n<p lang=\"fr-FR\" class=\"western\" style=\"margin-top: 0.1cm; margin-bottom: 0cm; line-height: 100%;\"><span style=\"font-family: Arial, sans-serif;\"><span style=\"font-size: x-large;\"><i>R\u00e9servation appr\u00e9ci\u00e9e sur HelloAsso<\/i><\/span><\/span><\/p>\n<p lang=\"fr-FR\" class=\"western\" style=\"margin-top: 0.4cm; margin-bottom: 0cm; line-height: 100%;\"><strong><span style=\"font-family: Arial, sans-serif;\"><span style=\"font-size: x-large;\">D\u00e8s 20h00 Soir\u00e9e \u00ab\u00a0Contes au coin du feu\u00a0\u00bb<br \/><\/span><\/span><\/strong><span style=\"font-family: Arial, sans-serif;\"><span style=\"font-size: x-large;\"><span lang=\"fr-FR\"><i>Aim\u00e9e de la Salle, Chlo\u00e9 Gabrielli et A\u00efni Iften (Paroles en festival) et Marc Babel, Dam\u00e9li, Marie Babel et Mapi (C<\/i><\/span><span lang=\"fr-FR\"><i>ie<\/i><\/span><span lang=\"fr-FR\"><i> Belerrance)<\/i><\/span><\/span><\/span><\/p>\n<p class=\"western\" style=\"margin-top: 0.1cm; margin-bottom: 0cm; line-height: 100%;\"><span style=\"font-family: Arial, sans-serif;\"><span style=\"font-size: x-large;\"><span lang=\"fr-FR\">Aux temps anciens, tout le village se retrouvait au coin du feu pour entendre les histoires du pays et celles des pays <\/span><span style=\"color: #000000;\"><span lang=\"fr-FR\">lointains. Les conteurs tisseront <\/span><\/span><span lang=\"fr-FR\">des histoires, des contes et des chansons d\u2019ici et d\u2019ailleurs et vous inviteront \u00e0 raconter \u00e0 votre tour. Un moment convivial en douceur et plaisir.<\/span><\/span><\/span><\/p>\n<p lang=\"fr-FR\" class=\"western\" style=\"margin-top: 0.1cm; margin-bottom: 0cm; line-height: 100%;\"><span style=\"font-family: Arial, sans-serif;\"><span style=\"font-size: x-large;\"><i>Pr\u00e9voir tenue adapt\u00e9e, couverture, \u00e9clairage pour le retour <\/i><\/span><\/span><\/p>\n<p><a href=\"https:\/\/belerrance.org\/wp-content\/uploads\/2026\/04\/Programme-Samedi.pdf\" rel=\"attachment wp-att-25787\"><\/a><\/p>\n<p>[\/et_pb_text][\/et_pb_column][et_pb_column type=\u00a0\u00bb1_2&Prime; _builder_version=\u00a0\u00bb4.27.6&Prime; _module_preset=\u00a0\u00bbdefault\u00a0\u00bb global_colors_info=\u00a0\u00bb{}\u00a0\u00bb][\/et_pb_column][\/et_pb_row][\/et_pb_section]<\/p>\n","protected":false},"excerpt":{"rendered":"<p>SAMEDI 9 MAI Tout au long de l\u2019apr\u00e8s-midi, l\u2019association \u00ab Amis pour Ternier \u00bb proposera boissons et de quoi se r\u00e9galer 14h00 Lancement des festivit\u00e9s &#8211; Discours de Bienvenue 14h30 Balade cont\u00e9e \u00ab\u00a0Promenons-nous dans les bois\u00a0\u00bb Aim\u00e9e de la Salle, Chlo\u00e9 Gabrielli et A\u00efni Iften (AMAC \/ Paroles en Festival),accompagn\u00e9es de Marie Babel De comptines [&hellip;]<\/p>\n","protected":false},"author":1,"featured_media":0,"parent":0,"menu_order":2,"comment_status":"closed","ping_status":"closed","template":"","meta":{"_et_pb_use_builder":"on","_et_pb_old_content":"","_et_gb_content_width":"","footnotes":""},"class_list":["post-25597","page","type-page","status-publish","hentry"],"_links":{"self":[{"href":"https:\/\/belerrance.org\/accueil\/wp-json\/wp\/v2\/pages\/25597","targetHints":{"allow":["GET"]}}],"collection":[{"href":"https:\/\/belerrance.org\/accueil\/wp-json\/wp\/v2\/pages"}],"about":[{"href":"https:\/\/belerrance.org\/accueil\/wp-json\/wp\/v2\/types\/page"}],"author":[{"embeddable":true,"href":"https:\/\/belerrance.org\/accueil\/wp-json\/wp\/v2\/users\/1"}],"replies":[{"embeddable":true,"href":"https:\/\/belerrance.org\/accueil\/wp-json\/wp\/v2\/comments?post=25597"}],"version-history":[{"count":7,"href":"https:\/\/belerrance.org\/accueil\/wp-json\/wp\/v2\/pages\/25597\/revisions"}],"predecessor-version":[{"id":25790,"href":"https:\/\/belerrance.org\/accueil\/wp-json\/wp\/v2\/pages\/25597\/revisions\/25790"}],"wp:attachment":[{"href":"https:\/\/belerrance.org\/accueil\/wp-json\/wp\/v2\/media?parent=25597"}],"curies":[{"name":"wp","href":"https:\/\/api.w.org\/{rel}","templated":true}]}}